{"id":509,"date":"2021-09-08T20:17:50","date_gmt":"2021-09-08T20:17:50","guid":{"rendered":"https:\/\/seafoami.com\/?page_id=509"},"modified":"2023-08-31T13:59:27","modified_gmt":"2023-08-31T18:59:27","slug":"terms-of-use","status":"publish","type":"page","link":"https:\/\/mx.seafoami.com\/es\/terms-of-use\/","title":{"rendered":"CONDICIONES DE USO"},"content":{"rendered":"<h4 class=\"wp-block-heading\">LEA ESTAS CONDICIONES DE USO ANTES DE UTILIZAR O ACCEDER A CUALQUIER PARTE DE ESTE SITIO WEB. SI NO EST\u00c1 DE ACUERDO CON ESTAS CONDICIONES, NO UTILICE ESTE SITIO WEB.<\/h4>\n\n\n\n<h5 class=\"wp-block-heading\">Informaci\u00f3n general<\/h5>\n\n\n\n<p>Bienvenido al sitio web de Sea Foam International, Inc. y sus filiales (denominadas colectivamente \"Sea Foam\"). Este sitio web es propiedad de, operado y mantenido por Sea Foam y \/ o sus afiliados y ofrece informaci\u00f3n general sobre nuestra empresa, sus productos, el uso del producto, y otra informaci\u00f3n y listado de inter\u00e9s general. <strong>Los productos a los que se hace referencia en este sitio web pueden no estar disponibles en su pa\u00eds.<\/strong> El t\u00e9rmino \"Sitio o sitios web\" utilizado en estas Condiciones incluye nuestras p\u00e1ginas y aplicaciones en servicios de redes sociales de terceros, incluidos, entre otros, YouTube\u00ae, Facebook\u00ae y X\u00ae (anteriormente conocido como Twitter\u00ae).Gracias por visitarnos y saber m\u00e1s sobre nosotros.<\/p>\n\n\n\n<p>Estas Condiciones regulan el uso de los Sitios Web de Sea Foam en general. En algunos sitios web pueden aplicarse t\u00e9rminos y\/o condiciones m\u00e1s espec\u00edficos y\/o complementarios. <strong>LEA ATENTAMENTE ESTAS CONDICIONES Y CUALQUIER OTRA CONDICI\u00d3N ESPEC\u00cdFICA Y\/O COMPLEMENTARIA ANTES DE UTILIZAR CUALQUIER SITIO WEB DE SEA FOAM O DE UNA FILIAL DE SEA FOAM.<\/strong><\/p>\n\n\n\n<h5 class=\"wp-block-heading\">Aceptaci\u00f3n de las condiciones de uso<\/h5>\n\n\n\n<p><strong>CADA VEZ QUE ACCEDA Y\/O UTILICE NUESTROS SITIOS WEB O SERVICIOS, USTED ACEPTA QUEDAR VINCULADO POR LAS CONDICIONES DE USO, LA POL\u00cdTICA DE PRIVACIDAD Y\/O LOS T\u00c9RMINOS Y CONDICIONES SUPLEMENTARIOS VIGENTES EN ESE MOMENTO.<\/strong> Usted tambi\u00e9n est\u00e1 obligado por el aviso de derechos de autor y todas las leyes y reglamentos aplicables. Sea Foam se reserva el derecho a modificar estas Condiciones y a cambiar o eliminar informaci\u00f3n de este Sitio Web en cualquier momento. Si se determina que cualquier t\u00e9rmino, condici\u00f3n o disposici\u00f3n de estos T\u00e9rminos es ilegal, inv\u00e1lido, nulo o por cualquier raz\u00f3n inaplicable, la validez y aplicabilidad de los restantes t\u00e9rminos, condiciones y disposiciones no se ver\u00e1n afectados o perjudicados en modo alguno por ello. Estos T\u00e9rminos constituyen el Acuerdo completo entre usted y Sea Foam en relaci\u00f3n con el tema aqu\u00ed tratado.<\/p>\n\n\n\n<h5 class=\"wp-block-heading\">Contrato vinculante<\/h5>\n\n\n\n<p>Estos T\u00e9rminos son un contrato entre usted y Sea Foam, una corporaci\u00f3n de Dakota del Norte que hace negocios en P.O. Box 639 Bismarck, ND, EE.UU. y sus filiales y subsidiarias. Aparte de lo expresamente indicado en este documento, no hay terceros beneficiarios de este Contrato.<\/p>\n\n\n\n<h5 class=\"wp-block-heading\">Acuerdo<\/h5>\n\n\n\n<p>Al utilizar los Sitios Web, usted declara a Sea Foam que ha le\u00eddo, entendido y acepta expresamente quedar vinculado por este Acuerdo, y los t\u00e9rminos, condiciones y avisos contenidos o a los que se hace referencia en el mismo, ya sea que simplemente navegue, utilice o acceda a un Sitio Web de Sea Foam. Si no est\u00e1 de acuerdo con el Acuerdo, no podr\u00e1 utilizar los Sitios Web de Sea Foam.<\/p>\n\n\n\n<h5 class=\"wp-block-heading\">Uso del sitio web y del material del sitio web<\/h5>\n\n\n\n<p>Este sitio web se proporciona para su uso personal y no comercial. Usted no puede copiar, reproducir, republicar, publicar, distribuir, transmitir, modificar, raspar o extraer datos de todo o parte del material de este sitio web para uso comercial sin la aprobaci\u00f3n previa por escrito de Sea Foam. Usted puede copiar material en cantidades limitadas de este sitio web para su uso personal no comercial, siempre que nuestro aviso de derechos de autor se fija en el material copiado. El aviso de copyright debe aparecer de la siguiente manera:<\/p>\n\n\n\n<p><br>Sea Foam International, Inc. 2023. Todos los derechos reservados.<\/p>\n\n\n\n<p><br>Sea Foam se reserva el derecho a revocar en cualquier momento su autorizaci\u00f3n para realizar comunicaciones personales a trav\u00e9s de Internet.<br>copias del material de este sitio web.<\/p>\n\n\n\n<p>Sea Foam fomenta la participaci\u00f3n de los usuarios en este sitio web. No obstante, se proh\u00edbe el uso de este Sitio Web para publicar o transmitir cualquier material ilegal, amenazador, calumnioso, difamatorio, obsceno, escandaloso, incendiario, pornogr\u00e1fico o profano, o cualquier material que pueda constituir o fomentar una conducta ilegal. Sea Foam podr\u00e1 de vez en cuando supervisar o revisar el material transmitido o publicado a trav\u00e9s de este sitio web y se reserva el derecho de eliminar cualquier material que la empresa considere inapropiado. Sea Foam no tiene ninguna obligaci\u00f3n de hacerlo y no asume ninguna responsabilidad derivada de cualquier<br>el material transmitido o publicado a trav\u00e9s de este sitio web.<\/p>\n\n\n\n<h5 class=\"wp-block-heading\">Uso de cookies y otras tecnolog\u00edas<\/h5>\n\n\n\n<p>Sea Foam utiliza una o varias empresas para colocar anuncios de nuestros productos y servicios y los de terceros en nuestro Sitio y en sitios de terceros. Las cookies y otras tecnolog\u00edas como balizas web, p\u00edxeles o etiquetas se utilizan para medir la eficacia de nuestros anuncios y determinar la visualizaci\u00f3n de contenidos y publicidad para usted en funci\u00f3n de sus intereses, tanto en nuestro sitio como en sitios de terceros y aplicaciones m\u00f3viles que pueda visitar. Para respaldar esta soluci\u00f3n de publicidad basada en intereses, nosotros, y las empresas con las que hemos contratado, podemos utilizar informaci\u00f3n no identificable personalmente sobre sus visitas a nuestro y otros sitios web. La informaci\u00f3n recopilada no permite a ning\u00fan tercero identificarle individualmente, sin la debida notificaci\u00f3n o consentimiento.<\/p>\n\n\n\n<p>Aunque esperamos que considere valiosa la publicidad que se le muestra basada en sus intereses de navegaci\u00f3n sin identificaci\u00f3n personal, si prefiere no participar en los servicios ofrecidos a trav\u00e9s de estas soluciones, siempre puede darse de baja de esta actividad visitando el sitio web de la Network Advertising Initiative (NAI) haciendo clic en http:\/\/www.networkadvertising.org\/managing\/opt_out.asp.<\/p>\n\n\n\n<h5 class=\"wp-block-heading\">Consentimiento para recibir mensajes<\/h5>\n\n\n\n<p>Cuando utilice los sitios web de Sea Foam, es posible que se le ofrezca la oportunidad de dar su consentimiento para recibir comunicaciones nuestras a trav\u00e9s de correo electr\u00f3nico, mensajes de texto y\/u otros medios. Se aplicar\u00e1n las tarifas est\u00e1ndar de mensajes de texto y llamadas. Usted acepta que los mensajes de texto, las llamadas o los mensajes pregrabados puedan ser generados por sistemas de marcaci\u00f3n telef\u00f3nica autom\u00e1tica. Puede darse de baja de las comunicaciones promocionales siguiendo las instrucciones de \"Cancelar suscripci\u00f3n\" de los correos electr\u00f3nicos, o siguiendo otras instrucciones de la comunicaci\u00f3n. USTED RECONOCE QUE NO EST\u00c1 OBLIGADO A DAR SU CONSENTIMIENTO PARA RECIBIR MENSAJES DE TEXTO O LLAMADAS PROMOCIONALES COMO CONDICI\u00d3N PARA UTILIZAR LOS SITIOS WEB DE SEA FOAM.<\/p>\n\n\n\n<h5 class=\"wp-block-heading\">Concursos, sorteos y promociones<\/h5>\n\n\n\n<p>Los concursos, sorteos y otras promociones similares en los que participe en un Sitio web de Sea Foam o en relaci\u00f3n con las integraciones de Sea Foam con un sitio web, servicio, aplicaci\u00f3n, plataforma y\/o contenido de terceros, incluidos los correos electr\u00f3nicos (\"Promociones de Sea Foam\") pueden estar sujetos a reglas y\/o condiciones oficiales que complementan este Acuerdo y que pueden proporcionar detalles que rigen la Promoci\u00f3n de Sea Foam, como requisitos de elegibilidad, instrucciones de participaci\u00f3n, plazos, informaci\u00f3n sobre premios y restricciones. Si desea participar en una Promoci\u00f3n Sea Foam, consulte primero las reglas y\/o condiciones oficiales aplicables. Si las reglas y\/o condiciones oficiales de una Promoci\u00f3n Sea Foam entran en conflicto con este Acuerdo, las disposiciones contenidas en las reglas y\/o condiciones oficiales regir\u00e1n y controlar\u00e1n la Promoci\u00f3n Sea Foam. Su participaci\u00f3n en una Promoci\u00f3n de Sea Foam puede requerir la creaci\u00f3n y\/o env\u00edo y consentimiento para el uso de Contenido generado por el usuario y est\u00e1 sujeta a todas las disposiciones de este Acuerdo que rigen su env\u00edo y el uso que hacemos de su Contenido generado por el usuario.<\/p>\n\n\n\n<h5 class=\"wp-block-heading\">Privacidad<\/h5>\n\n\n\n<p>Le recomendamos que consulte nuestra Pol\u00edtica de Privacidad para obtener informaci\u00f3n m\u00e1s detallada sobre nuestras Pr\u00e1cticas de Privacidad. Sea Foam opera en los Estados Unidos. En algunos casos, los datos de los usuarios de otras jurisdicciones pueden ser transferidos a los Estados Unidos para su revisi\u00f3n o procesamiento. La mayor parte de la informaci\u00f3n recopilada por Sea Foam no permite la identificaci\u00f3n personal.<\/p>\n\n\n\n<p>AL UTILIZAR ESTE SITIO Y\/O FACILITAR INFORMACI\u00d3N A SEA FOAM, USTED RECONOCE Y CONSIENTE LA TRANSFERENCIA Y EL TRATAMIENTO DE SUS DATOS EN LOS ESTADOS UNIDOS. COMO SE INDICA EN EL PRESENTE DOCUMENTO, SEA FOAM NO ACEPTA NINGUNA RESPONSABILIDAD RELACIONADA CON LA TRANSFERENCIA Y EL TRATAMIENTO DE SU INFORMACI\u00d3N COMO SE INDICA EN ESTAS CONDICIONES Y EN LA POL\u00cdTICA DE PRIVACIDAD. LE RECOMENDAMOS QUE LEA DETENIDAMENTE ESTOS DOCUMENTOS.<\/p>\n\n\n\n<h5 class=\"wp-block-heading\">Renuncia y limitaci\u00f3n de responsabilidad<\/h5>\n\n\n\n<p>Sea Foam se esfuerza por proporcionar material preciso y actualizado en este sitio web. Sin embargo, Sea Foam no ofrece ninguna garant\u00eda o representaci\u00f3n y no garantiza su exactitud o integridad. Sea Foam no se hace responsable de los errores u omisiones en los materiales, informaci\u00f3n o hiperv\u00ednculos proporcionados en este sitio web, y el uso de este sitio web es bajo su propio riesgo. Ni Sea Foam ni ninguna otra parte implicada en la creaci\u00f3n de este sitio web ser\u00e1 responsable de ning\u00fan da\u00f1o, ya sea directo, indirecto o de otro tipo, derivado del uso de este sitio web por parte de cualquier persona.<br><br>EXCLUSI\u00d3N DE GARANT\u00cdAS - LOS SITIOS WEB DE SEA FOAM SE FACILITAN \"TAL CUAL\" Y \"SEG\u00daN DISPONIBILIDAD\". SEA FOAM NO OFRECE NINGUNA DECLARACI\u00d3N NI GARANT\u00cdA EN RELACI\u00d3N CON LA EXACTITUD, FIABILIDAD O INTEGRIDAD DEL CONTENIDO (TEXTO E IM\u00c1GENES) DE ESTE SITIO WEB. EN LA MEDIDA EN QUE LO PERMITA LA LEY, SEA FOAM RECHAZA TODAS LAS GARANT\u00cdAS, EXPRESAS O IMPL\u00cdCITAS, INCLUIDAS, ENTRE OTRAS, LAS GARANT\u00cdAS IMPL\u00cdCITAS DE COMERCIABILIDAD, IDONEIDAD PARA UN FIN DETERMINADO Y NO INFRACCI\u00d3N. ASIMISMO, SEA FOAM NO GARANTIZA QUE ESTE SITIO WEB O EL SERVIDOR QUE LO PONE A DISPOSICI\u00d3N EST\u00c9N LIBRES DE VIRUS INFORM\u00c1TICOS, GUSANOS, TROYANOS Y OTROS C\u00d3DIGOS QUE PUEDAN MANIFESTAR PROPIEDADES CONTAMINANTES O DESTRUCTIVAS. <\/p>\n\n\n\n<p>LIMITACI\u00d3N DE RESPONSABILIDAD - SEA FOAM NO SER\u00c1 RESPONSABLE ANTE USTED POR DA\u00d1OS INDIRECTOS, FORTUITOS, ESPECIALES O CONSECUENTES, INCLUIDO EL LUCRO CESANTE Y LOS DA\u00d1OS A LA PROPIEDAD, AUN CUANDO SE NOS HAYA ADVERTIDO DE LA POSIBILIDAD DE TALES DA\u00d1OS, NI TAMPOCO POR RETRASOS O FALLOS EN LA EJECUCI\u00d3N DERIVADOS DE CAUSAS QUE ESCAPEN A NUESTRO CONTROL RAZONABLE. EN NING\u00daN CASO SER\u00c1 RESPONSABLE SEA FOAM DE P\u00c9RDIDAS O DA\u00d1OS, INCLUIDOS, ENTRE OTROS, P\u00c9RDIDAS O DA\u00d1OS INDIRECTOS O CONSECUENTES, NI DE P\u00c9RDIDAS O DA\u00d1OS DE CUALQUIER TIPO DERIVADOS DEL USO DE ESTE SITIO WEB O RELACIONADOS CON \u00c9L.<\/p>\n\n\n\n<p>EN NING\u00daN CASO NUESTRA RESPONSABILIDAD TOTAL ANTE USTED POR TODOS LOS DA\u00d1OS, P\u00c9RDIDAS<br>Y CAUSAS DE ACCI\u00d3N EXCEDAN DE CIEN D\u00d3LARES ESTADOUNIDENSES (US $100).<\/p>\n\n\n\n<h5 class=\"wp-block-heading\">Propiedad intelectual<\/h5>\n\n\n\n<p>Todos los nombres, logotipos, marcas de servicio y marcas comerciales que aparecen en este Sitio Web, incluidas las marcas comerciales, marcas de servicio, identidades de marca, personajes, nombres comerciales, gr\u00e1ficos, dise\u00f1os, derechos de autor, imagen comercial y cualquier otra propiedad intelectual (\"Contenido\"), salvo que se indique lo contrario, son propiedad intelectual protegida o se utilizan con permiso o bajo licencia de Sea Foam. Su uso del Contenido est\u00e1 estrictamente prohibido a menos que est\u00e9 expl\u00edcitamente permitido en este Acuerdo.<\/p>\n\n\n\n<p>Contenidos generados por los usuarios<\/p>\n\n\n\n<p>Sea Foam est\u00e1 deseando recibir sus comentarios, opiniones, sugerencias, ideas, conceptos, fotograf\u00edas fijas, diapositivas, gr\u00e1ficos, efectos visuales, im\u00e1genes animadas y\/o en movimiento, obras y grabaciones audiovisuales, v\u00eddeo, grabaciones de v\u00eddeo, y responder a sus preguntas sobre nuestros productos y nuestra empresa (\"Contenido generado por el usuario\"). Tenga en cuenta, sin embargo, que, sin limitaci\u00f3n, Sea Foam y sus afiliados poseer\u00e1n, libres de compensaci\u00f3n, todos los derechos conocidos en la actualidad o que existan en el futuro sobre el Contenido Generado por el Usuario y, por lo tanto, Sea Foam tendr\u00e1 derecho al uso sin restricciones del Contenido Generado por el Usuario para cualquier prop\u00f3sito, comercial o de otro tipo, incluyendo, sin limitaci\u00f3n, la reproducci\u00f3n, divulgaci\u00f3n, transmisi\u00f3n, publicaci\u00f3n o desarrollo. No obstante, usted tiene derecho a solicitar que dejemos de utilizar el Contenido generado por el usuario creado por usted que sea un testimonio a favor de Sea Foam, y nosotros nos comprometemos a eliminar dicho testimonio del Sitio web en un plazo de 30 d\u00edas a partir de la recepci\u00f3n efectiva de dicha solicitud.<\/p>\n\n\n\n<p>En caso de recibir Contenido Generado por el Usuario, usted reconoce que (1) es mayor de 18 a\u00f1os; (2) el Contenido Generado por el Usuario no se considerar\u00e1 confidencial ni de su propiedad, (3) Sea Foam no tiene obligaci\u00f3n alguna de mantener la confidencialidad de dicha informaci\u00f3n, y (4) en caso de que se considere que Sea Foam no es el propietario del Contenido Generado por el Usuario, Sea Foam tendr\u00e1 derecho ilimitado, irrevocable, mundial y libre de regal\u00edas a utilizar, comunicar, reproducir, publicar, mostrar, distribuir y explotar dicho Env\u00edo de la forma que desee.<\/p>\n\n\n\n<h5 class=\"wp-block-heading\">Jurisdicci\u00f3n y elecci\u00f3n del foro<\/h5>\n\n\n\n<p>Este sitio web est\u00e1 gestionado por Sea Foam desde su oficina corporativa en el estado de Dakota del Norte, Estados Unidos de Am\u00e9rica. Este acuerdo se regir\u00e1 e interpretar\u00e1 de conformidad con las leyes del estado de Dakota del Norte, sin dar efecto a ning\u00fan conflicto de principios legales. El uso de este sitio web representa su consentimiento irrevocable a la jurisdicci\u00f3n y competencia exclusivas de Dakota del Norte, y cualquier procedimiento legal se llevar\u00e1 a cabo exclusivamente en un tribunal estatal o federal ubicado en el condado de Burleigh, Dakota del Norte.<\/p>\n\n\n\n<h5 class=\"wp-block-heading\">Informaci\u00f3n de contacto<\/h5>\n\n\n\n<p>Si tiene alguna pregunta, duda o comentario sobre las Condiciones de uso, p\u00f3ngase en contacto con nosotros en info@seafoami.com.<\/p>\n\n\n\n<p>v20230828<\/p>","protected":false},"excerpt":{"rendered":"<p>PLEASE READ THESE TERMS OF USE BEFORE USING OR ACCESSING ANY PORTION OF THIS WEBSITE. IF YOU DO NOT AGREE TO THESE TERMS AND CONDITIONS, DO NOT USE THIS WEBSITE. General Information Welcome to the Website for Sea Foam International, Inc. and its affiliates (collectively referred to as \u201cSea Foam\u201d). This Website is owned, operated, [&hellip;]<\/p>\n","protected":false},"author":3,"featured_media":0,"parent":0,"menu_order":0,"comment_status":"closed","ping_status":"closed","template":"","meta":{"_acf_changed":false,"_analytify_skip_tracking":false,"site-sidebar-layout":"no-sidebar","site-content-layout":"","ast-site-content-layout":"default","site-content-style":"default","site-sidebar-style":"default","ast-global-header-display":"","ast-banner-title-visibility":"","ast-main-header-display":"","ast-hfb-above-header-display":"","ast-hfb-below-header-display":"","ast-hfb-mobile-header-display":"","site-post-title":"","ast-breadcrumbs-content":"","ast-featured-img":"","footer-sml-layout":"","ast-disable-related-posts":"","theme-transparent-header-meta":"","adv-header-id-meta":"","stick-header-meta":"","header-above-stick-meta":"","header-main-stick-meta":"","header-below-stick-meta":"","astra-migrate-meta-layouts":"set","ast-page-background-enabled":"default","ast-page-background-meta":{"desktop":{"background-color":"var(--ast-global-color-4)","background-image":"","background-repeat":"repeat","background-position":"center center","background-size":"auto","background-attachment":"scroll","background-type":"","background-media":"","overlay-type":"","overlay-color":"","overlay-opacity":"","overlay-gradient":""},"tablet":{"background-color":"","background-image":"","background-repeat":"repeat","background-position":"center center","background-size":"auto","background-attachment":"scroll","background-type":"","background-media":"","overlay-type":"","overlay-color":"","overlay-opacity":"","overlay-gradient":""},"mobile":{"background-color":"","background-image":"","background-repeat":"repeat","background-position":"center center","background-size":"auto","background-attachment":"scroll","background-type":"","background-media":"","overlay-type":"","overlay-color":"","overlay-opacity":"","overlay-gradient":""}},"ast-content-background-meta":{"desktop":{"background-color":"var(--ast-global-color-5)","background-image":"","background-repeat":"repeat","background-position":"center center","background-size":"auto","background-attachment":"scroll","background-type":"","background-media":"","overlay-type":"","overlay-color":"","overlay-opacity":"","overlay-gradient":""},"tablet":{"background-color":"var(--ast-global-color-5)","background-image":"","background-repeat":"repeat","background-position":"center center","background-size":"auto","background-attachment":"scroll","background-type":"","background-media":"","overlay-type":"","overlay-color":"","overlay-opacity":"","overlay-gradient":""},"mobile":{"background-color":"var(--ast-global-color-5)","background-image":"","background-repeat":"repeat","background-position":"center center","background-size":"auto","background-attachment":"scroll","background-type":"","background-media":"","overlay-type":"","overlay-color":"","overlay-opacity":"","overlay-gradient":""}},"footnotes":""},"class_list":["post-509","page","type-page","status-publish","hentry"],"acf":[],"featured_image_src":null,"_links":{"self":[{"href":"https:\/\/mx.seafoami.com\/es\/wp-json\/wp\/v2\/pages\/509","targetHints":{"allow":["GET"]}}],"collection":[{"href":"https:\/\/mx.seafoami.com\/es\/wp-json\/wp\/v2\/pages"}],"about":[{"href":"https:\/\/mx.seafoami.com\/es\/wp-json\/wp\/v2\/types\/page"}],"author":[{"embeddable":true,"href":"https:\/\/mx.seafoami.com\/es\/wp-json\/wp\/v2\/users\/3"}],"replies":[{"embeddable":true,"href":"https:\/\/mx.seafoami.com\/es\/wp-json\/wp\/v2\/comments?post=509"}],"version-history":[{"count":0,"href":"https:\/\/mx.seafoami.com\/es\/wp-json\/wp\/v2\/pages\/509\/revisions"}],"wp:attachment":[{"href":"https:\/\/mx.seafoami.com\/es\/wp-json\/wp\/v2\/media?parent=509"}],"curies":[{"name":"wp","href":"https:\/\/api.w.org\/{rel}","templated":true}]}}