{"id":40,"date":"2021-09-07T17:56:14","date_gmt":"2021-09-07T17:56:14","guid":{"rendered":"https:\/\/seafoami.com\/?page_id=40"},"modified":"2022-01-05T13:47:44","modified_gmt":"2022-01-05T13:47:44","slug":"our-company","status":"publish","type":"page","link":"https:\/\/mx.seafoami.com\/es\/our-company\/","title":{"rendered":"NUESTRA EMPRESA"},"content":{"rendered":"<div class=\"wp-block-columns is-layout-flex wp-container-core-columns-is-layout-28f84493 wp-block-columns-is-layout-flex\">\n<div class=\"wp-block-column is-layout-flow wp-block-column-is-layout-flow\">\n<figure class=\"wp-block-image size-full\"><img loading=\"lazy\" width=\"560\" height=\"254\" src=\"https:\/\/mx.seafoami.com\/wp-content\/uploads\/2021\/11\/Sea-Foam-International-Brand-Statement-V1.jpg\" alt=\"\" class=\"wp-image-26363\" srcset=\"https:\/\/mx.seafoami.com\/wp-content\/uploads\/2021\/11\/Sea-Foam-International-Brand-Statement-V1.jpg 560w, https:\/\/mx.seafoami.com\/wp-content\/uploads\/2021\/11\/Sea-Foam-International-Brand-Statement-V1-300x136.jpg 300w, https:\/\/mx.seafoami.com\/wp-content\/uploads\/2021\/11\/Sea-Foam-International-Brand-Statement-V1-480x218.jpg 480w\" sizes=\"auto, (max-width: 560px) 100vw, 560px\" \/><\/figure>\n<\/div>\n\n\n\n<div class=\"wp-block-column is-layout-flow wp-block-column-is-layout-flow\">\n<figure class=\"wp-block-image size-full\"><img loading=\"lazy\" width=\"671\" height=\"295\" src=\"https:\/\/mx.seafoami.com\/wp-content\/uploads\/2021\/09\/Sea-Foam-International-World-Map.jpg\" alt=\"\" class=\"wp-image-20\" srcset=\"https:\/\/mx.seafoami.com\/wp-content\/uploads\/2021\/09\/Sea-Foam-International-World-Map.jpg 671w, https:\/\/mx.seafoami.com\/wp-content\/uploads\/2021\/09\/Sea-Foam-International-World-Map-300x132.jpg 300w, https:\/\/mx.seafoami.com\/wp-content\/uploads\/2021\/09\/Sea-Foam-International-World-Map-480x211.jpg 480w\" sizes=\"auto, (max-width: 671px) 100vw, 671px\" \/><\/figure>\n<\/div>\n<\/div>\n\n\n\n<h2 class=\"wp-block-heading\">EN LA QUE CONF\u00cdAN LOS MEC\u00c1NICOS DESDE 1942.<\/h2>\n\n\n\n<p>Sea Foam International, Inc. es la empresa hermana de Sea Foam Sales Company (<a href=\"https:\/\/seafoamworks.com\/\" data-type=\"URL\" data-id=\"https:\/\/seafoamworks.com\/\" target=\"_blank\" rel=\"noopener\">www.seafoamworks.com<\/a>), y ambas se denominan colectivamente Sea Foam Enterprises. Nos centramos en ofrecer productos y oportunidades que den una segunda oportunidad a motores, equipos y personas. Nuestro nicho es proporcionar productos que <strong>seguro<\/strong>puede ser <strong>demostrado<\/strong>y <strong>trabajo<\/strong>.<\/p>\n\n\n\n<p>Sea Foam Sales Company (SF) ha estado en el negocio desde 1942 y fabrica y vende productos Sea Foam para su venta dentro de los Estados Unidos. Sea Foam International, Inc. (SFI) fabrica y vende productos Sea Foam para su venta fuera de Estados Unidos. SFI fue creada para reunir un equipo centrado en la expansi\u00f3n de los productos Sea Foam en todo el mundo, junto con la ayuda y el apoyo de todo el equipo de Sea Foam Enterprises.<\/p>\n\n\n\n<p>El producto estrella es Sea Foam Motor Treatment. Sea Foam Motor Treatment es un aditivo para motores singularmente diferente, ya que se trata de un aditivo multisistema que puede introducirse en el sistema de inducci\u00f3n, el dep\u00f3sito de combustible y el c\u00e1rter del cig\u00fce\u00f1al. Ayuda a los usuarios finales de motores de combusti\u00f3n interna a eliminar las tres amenazas m\u00e1s mortales para sus motores: la fricci\u00f3n, la humedad y los residuos de carbono.<\/p>\n\n\n\n<p>S\u00f3lo en los \u00faltimos a\u00f1os, los consumidores han comprado m\u00e1s de 1.000 millones de euros. <strong>100.000.000 latas<\/strong> de Sea Foam Tratamiento para Motores. Datos independientes de terceros demuestran que Sea Foam Motor Treatment domina el mercado estadounidense con aproximadamente 70% de toda la cuota de mercado en la categor\u00eda de aditivos multisistema.<\/p>\n\n\n\n<div style=\"height:2px\" aria-hidden=\"true\" class=\"wp-block-spacer sfi-spacer\"><\/div>\n\n\n\n<div class=\"wp-block-columns is-layout-flex wp-container-core-columns-is-layout-28f84493 wp-block-columns-is-layout-flex\">\n<div class=\"wp-block-column is-layout-flow wp-block-column-is-layout-flow\">\n<h2 class=\"has-ast-global-color-0-color has-text-color wp-block-heading\">NUESTRA MISI\u00d3N<\/h2>\n\n\n\n<p>Los productos Sea Foam han atra\u00eddo a apasionados seguidores como la elecci\u00f3n probada para mec\u00e1nicos, entusiastas de los veh\u00edculos y todo tipo de personas que aman o dependen de los motores.<\/p>\n\n\n\n<p>Hemos crecido desde nuestros humildes comienzos, pero nuestra misi\u00f3n sigue siendo la misma: productos seguros de eficacia probada que mantienen los motores y los equipos en perfecto funcionamiento.<\/p>\n<\/div>\n\n\n\n<div class=\"wp-block-column is-layout-flow wp-block-column-is-layout-flow\">\n<figure class=\"wp-block-video\"><video controls poster=\"https:\/\/mx.seafoami.com\/wp-content\/uploads\/2021\/09\/SEA-FOAM-VIMEO-LOGO-V2.jpg\" src=\"https:\/\/mx.seafoami.com\/wp-content\/uploads\/2021\/09\/Join-The-Sea-Foam-Distribution-Team-SM05-SD360p-640x360-v20181008.mp4\"><\/video><\/figure>\n<\/div>\n<\/div>\n\n\n\n<div style=\"height:2px\" aria-hidden=\"true\" class=\"wp-block-spacer sfi-spacer\"><\/div>\n\n\n\n<figure class=\"wp-block-image alignwide size-large\"><img decoding=\"async\" src=\"https:\/\/mx.seafoami.com\/wp-content\/uploads\/2021\/09\/Screen-Shot-2021-09-14-at-9.22.41-AM-1024x727.png\" alt=\"\" class=\"wp-image-760\"\/><\/figure>\n\n\n\n<div class=\"wp-block-columns is-layout-flex wp-container-core-columns-is-layout-28f84493 wp-block-columns-is-layout-flex\">\n<div class=\"wp-block-column is-layout-flow wp-block-column-is-layout-flow\">\n<figure class=\"wp-block-image size-full\"><img decoding=\"async\" src=\"https:\/\/mx.seafoami.com\/wp-content\/uploads\/2021\/10\/Sea-Foam-Historical-Image-1.jpg\" alt=\"\" class=\"wp-image-25750\"\/><\/figure>\n<\/div>\n\n\n\n<div class=\"wp-block-column is-layout-flow wp-block-column-is-layout-flow\">\n<figure class=\"wp-block-image size-full\"><img decoding=\"async\" src=\"https:\/\/mx.seafoami.com\/wp-content\/uploads\/2021\/10\/Sea-Foam-Historical-Image-2-2.jpg\" alt=\"\" class=\"wp-image-25754\"\/><\/figure>\n<\/div>\n\n\n\n<div class=\"wp-block-column is-layout-flow wp-block-column-is-layout-flow\">\n<figure class=\"wp-block-image size-full\"><img decoding=\"async\" src=\"https:\/\/mx.seafoami.com\/wp-content\/uploads\/2021\/10\/Sea-Foam-Historical-Image-3-2.jpg\" alt=\"\" class=\"wp-image-25755\"\/><\/figure>\n<\/div>\n<\/div>","protected":false},"excerpt":{"rendered":"<p>TRUSTED BY MECHANICS SINCE 1942. Sea Foam International, Inc. is the sister company to Sea Foam Sales Company (www.seafoamworks.com) , and the two are collectively referred to as Sea Foam Enterprises. We focus on providing products and opportunities that give second chances to engines, equipment and people. Our niche is providing products that are safe, [&hellip;]<\/p>\n","protected":false},"author":3,"featured_media":0,"parent":0,"menu_order":0,"comment_status":"closed","ping_status":"closed","template":"","meta":{"_acf_changed":false,"_analytify_skip_tracking":false,"site-sidebar-layout":"no-sidebar","site-content-layout":"","ast-site-content-layout":"default","site-content-style":"default","site-sidebar-style":"default","ast-global-header-display":"","ast-banner-title-visibility":"","ast-main-header-display":"","ast-hfb-above-header-display":"","ast-hfb-below-header-display":"","ast-hfb-mobile-header-display":"","site-post-title":"","ast-breadcrumbs-content":"","ast-featured-img":"","footer-sml-layout":"","ast-disable-related-posts":"","theme-transparent-header-meta":"","adv-header-id-meta":"","stick-header-meta":"","header-above-stick-meta":"","header-main-stick-meta":"","header-below-stick-meta":"","astra-migrate-meta-layouts":"default","ast-page-background-enabled":"default","ast-page-background-meta":{"desktop":{"background-color":"var(--ast-global-color-4)","background-image":"","background-repeat":"repeat","background-position":"center center","background-size":"auto","background-attachment":"scroll","background-type":"","background-media":"","overlay-type":"","overlay-color":"","overlay-opacity":"","overlay-gradient":""},"tablet":{"background-color":"","background-image":"","background-repeat":"repeat","background-position":"center center","background-size":"auto","background-attachment":"scroll","background-type":"","background-media":"","overlay-type":"","overlay-color":"","overlay-opacity":"","overlay-gradient":""},"mobile":{"background-color":"","background-image":"","background-repeat":"repeat","background-position":"center center","background-size":"auto","background-attachment":"scroll","background-type":"","background-media":"","overlay-type":"","overlay-color":"","overlay-opacity":"","overlay-gradient":""}},"ast-content-background-meta":{"desktop":{"background-color":"var(--ast-global-color-5)","background-image":"","background-repeat":"repeat","background-position":"center center","background-size":"auto","background-attachment":"scroll","background-type":"","background-media":"","overlay-type":"","overlay-color":"","overlay-opacity":"","overlay-gradient":""},"tablet":{"background-color":"var(--ast-global-color-5)","background-image":"","background-repeat":"repeat","background-position":"center center","background-size":"auto","background-attachment":"scroll","background-type":"","background-media":"","overlay-type":"","overlay-color":"","overlay-opacity":"","overlay-gradient":""},"mobile":{"background-color":"var(--ast-global-color-5)","background-image":"","background-repeat":"repeat","background-position":"center center","background-size":"auto","background-attachment":"scroll","background-type":"","background-media":"","overlay-type":"","overlay-color":"","overlay-opacity":"","overlay-gradient":""}},"footnotes":""},"class_list":["post-40","page","type-page","status-publish","hentry"],"acf":[],"featured_image_src":null,"_links":{"self":[{"href":"https:\/\/mx.seafoami.com\/es\/wp-json\/wp\/v2\/pages\/40","targetHints":{"allow":["GET"]}}],"collection":[{"href":"https:\/\/mx.seafoami.com\/es\/wp-json\/wp\/v2\/pages"}],"about":[{"href":"https:\/\/mx.seafoami.com\/es\/wp-json\/wp\/v2\/types\/page"}],"author":[{"embeddable":true,"href":"https:\/\/mx.seafoami.com\/es\/wp-json\/wp\/v2\/users\/3"}],"replies":[{"embeddable":true,"href":"https:\/\/mx.seafoami.com\/es\/wp-json\/wp\/v2\/comments?post=40"}],"version-history":[{"count":0,"href":"https:\/\/mx.seafoami.com\/es\/wp-json\/wp\/v2\/pages\/40\/revisions"}],"wp:attachment":[{"href":"https:\/\/mx.seafoami.com\/es\/wp-json\/wp\/v2\/media?parent=40"}],"curies":[{"name":"wp","href":"https:\/\/api.w.org\/{rel}","templated":true}]}}